{"id":1040,"date":"2025-08-20T14:05:22","date_gmt":"2025-08-20T14:05:22","guid":{"rendered":"https:\/\/www.maison-albert-andre.com\/?page_id=1040"},"modified":"2026-02-15T14:27:10","modified_gmt":"2026-02-15T14:27:10","slug":"mentions-legales","status":"publish","type":"page","link":"https:\/\/www.maison-albert-andre.com\/en\/mentions-legales\/","title":{"rendered":"mentions legales"},"content":{"rendered":"<div data-elementor-type=\"wp-page\" data-elementor-id=\"1040\" class=\"elementor elementor-1040\" data-elementor-post-type=\"page\">\n\t\t\t\t<div class=\"elementor-element elementor-element-1d03936 e-flex e-con-boxed e-con e-parent\" data-id=\"1d03936\" data-element_type=\"container\">\n\t\t\t\t\t<div class=\"e-con-inner\">\n\t\t\t\t<div class=\"elementor-element elementor-element-346fe0c elementor-widget elementor-widget-spacer\" data-id=\"346fe0c\" data-element_type=\"widget\" data-widget_type=\"spacer.default\">\n\t\t\t\t\t\t\t<div class=\"elementor-spacer\">\n\t\t\t<div class=\"elementor-spacer-inner\"><\/div>\n\t\t<\/div>\n\t\t\t\t\t\t<\/div>\n\t\t\t\t<div class=\"elementor-element elementor-element-a65d068 elementor-widget elementor-widget-text-editor\" data-id=\"a65d068\" data-element_type=\"widget\" data-widget_type=\"text-editor.default\">\n\t\t\t\t\t\t\t\t\t<h1 data-start=\"227\" data-end=\"270\">Legal Notice \u2013 Maison Albert Andr\u00e9<\/h1><h2 data-start=\"272\" data-end=\"292\">Publisher of the website<\/h2><p data-start=\"293\" data-end=\"565\">This website is published by :<br data-start=\"324\" data-end=\"327\" \/><strong data-start=\"327\" data-end=\"357\">Mairie de Laudun-l\u2019Ardoise<\/strong><br data-start=\"357\" data-end=\"360\" \/>Adress <br \/>144 Place du 6 juin 1944, 30290 Laudun-l\u2019Ardoise \u2013 France<br data-start=\"419\" data-end=\"422\" \/>Official website : www.laudunlardoise.fr<\/p><p data-start=\"567\" data-end=\"640\">Publication Director : <strong data-start=\"597\" data-end=\"638\">The Mayor of Laudun-l\u2019Ardoise<\/strong><\/p><hr data-start=\"642\" data-end=\"645\" \/><h2 data-start=\"647\" data-end=\"663\">Hosting<\/h2><p data-start=\"664\" data-end=\"889\">The site is hosted by :<br data-start=\"689\" data-end=\"692\" \/><strong data-start=\"692\" data-end=\"699\">OVH<\/strong> \u2013 SAS with a share capital of \u20ac10,174,560<br data-start=\"732\" data-end=\"735\" \/>Registered office: 2 rue Kellermann \u2013 59100 Roubaix \u2013 France<br data-start=\"791\" data-end=\"794\" \/>RCS Lille M\u00e9tropole 424 761 419 00045<br data-start=\"831\" data-end=\"834\" \/>Website : <a class=\"decorated-link cursor-pointer\" target=\"_new\" rel=\"noopener\" data-start=\"845\" data-end=\"887\">https:\/\/www.ovh.com<\/a><\/p><hr data-start=\"891\" data-end=\"894\" \/><h2 data-start=\"896\" data-end=\"926\">Design and production<\/h2><p data-start=\"927\" data-end=\"1108\">La conception, le d\u00e9veloppement et la maintenance technique du site sont r\u00e9alis\u00e9s par :<br data-start=\"1013\" data-end=\"1016\" \/><strong data-start=\"1016\" data-end=\"1029\">ENTHALPIE<\/strong><br data-start=\"1029\" data-end=\"1032\" \/>7 rue de Broussan 30128 GARONS<\/p><p data-start=\"927\" data-end=\"1108\">Website : www.enthalpie-lab.com<\/p><hr data-start=\"1110\" data-end=\"1113\" \/><h2 data-start=\"1115\" data-end=\"1144\">Intellectual Property<\/h2><p data-start=\"1145\" data-end=\"1628\">All of the content on the website <a class=\"decorated-link\" href=\"https:\/\/www.maison-albert-andre.com\/en\/\" target=\"_new\" rel=\"noopener\" data-start=\"1190\" data-end=\"1264\">https:\/\/www.maison-albert-andre.com<\/a> (texts, images, graphics, logos, videos, etc.) are the exclusive property of the <strong data-start=\"1349\" data-end=\"1379\">Mairie de Laudun-l\u2019Ardoise<\/strong> or of their respective authors.<br data-start=\"1411\" data-end=\"1414\" \/>Any reproduction, distribution, modification, adaptation, retransmission, or publication, even partial, of this content is strictly prohibited without the prior written consent of the Town Hall of Laudun-l\u2019Ardoise.<\/p><hr data-start=\"1630\" data-end=\"1633\" \/><h2 data-start=\"1635\" data-end=\"1660\">Personal Data<\/h2><p data-start=\"1661\" data-end=\"2171\">The website may collect personal data through its contact forms or its statistical tracking tools.<br data-start=\"1788\" data-end=\"1791\" \/>In accordance with the <strong data-start=\"1807\" data-end=\"1865\">General Data Protection Regulation<\/strong>, you have the right to access, rectify, and delete your personal information.<br data-start=\"1969\" data-end=\"1972\" \/>To exercise this right, you may send your request to :<br data-start=\"2033\" data-end=\"2036\" \/><strong data-start=\"2036\" data-end=\"2109\">Mairie de Laudun-l\u2019Ardoise \u2013 <br \/>144 Place du 6 juin 1944, 30290 Laudun-l\u2019Ardoise<\/strong><\/p><hr data-start=\"2173\" data-end=\"2176\" \/><h2 data-start=\"2178\" data-end=\"2190\">Cookies<\/h2><p data-start=\"2191\" data-end=\"2432\">The website uses cookies to improve the browsing experience and to measure traffic.<br data-start=\"2294\" data-end=\"2297\" \/>You can configure your preferences via the cookie management banner or directly in your browser settings.<\/p><hr data-start=\"2434\" data-end=\"2437\" \/><h2 data-start=\"2439\" data-end=\"2458\">Responsability<\/h2><p data-start=\"2459\" data-end=\"2702\">The Town Hall of Laudun-l\u2019Ardoise strives to ensure the accuracy and updating of the information published on the website.<br data-start=\"2581\" data-end=\"2584\" \/>However, it cannot be held responsible for errors, omissions, interruptions, or unavailability of the website.<\/p><hr data-start=\"2704\" data-end=\"2707\" \/><h2 data-start=\"2709\" data-end=\"2721\">Cr\u00e9dits<\/h2><ul data-start=\"2722\" data-end=\"2829\"><li data-start=\"2722\" data-end=\"2769\"><p data-start=\"2724\" data-end=\"2769\">Design and development : <strong data-start=\"2754\" data-end=\"2767\">ENTHALPIE<\/strong><\/p><\/li><li data-start=\"2770\" data-end=\"2829\"><p data-start=\"2772\" data-end=\"2829\">Photographs: Enthalpie, Town Hall of Laudun-l\u2019Ardoise, Gard Rhodanien Agglomeration, Gard Department<\/p><\/li><\/ul>\t\t\t\t\t\t\t\t<\/div>\n\t\t\t\t<div class=\"elementor-element elementor-element-0363da1 elementor-widget elementor-widget-spacer\" data-id=\"0363da1\" data-element_type=\"widget\" data-widget_type=\"spacer.default\">\n\t\t\t\t\t\t\t<div class=\"elementor-spacer\">\n\t\t\t<div class=\"elementor-spacer-inner\"><\/div>\n\t\t<\/div>\n\t\t\t\t\t\t<\/div>\n\t\t\t\t\t<\/div>\n\t\t\t\t<\/div>\n\t\t\t\t<\/div>","protected":false},"excerpt":{"rendered":"<p>Mentions l\u00e9gales \u2013 Maison Albert Andr\u00e9 \u00c9diteur du site Le pr\u00e9sent site est \u00e9dit\u00e9 par :Mairie de Laudun-l\u2019ArdoiseAdresse : 144 Place du 6 juin 1944, 30290 Laudun-l\u2019Ardoise \u2013 FranceSite officiel : www.laudunlardoise.fr Directeur de la publication : Monsieur le Maire de Laudun-l\u2019Ardoise H\u00e9bergement Le site est h\u00e9berg\u00e9 par :OVH \u2013 SAS au capital de 10 [&hellip;]<\/p>","protected":false},"author":1,"featured_media":0,"parent":0,"menu_order":0,"comment_status":"closed","ping_status":"closed","template":"elementor_header_footer","meta":{"footnotes":""},"class_list":["post-1040","page","type-page","status-publish","hentry"],"_links":{"self":[{"href":"https:\/\/www.maison-albert-andre.com\/en\/wp-json\/wp\/v2\/pages\/1040","targetHints":{"allow":["GET"]}}],"collection":[{"href":"https:\/\/www.maison-albert-andre.com\/en\/wp-json\/wp\/v2\/pages"}],"about":[{"href":"https:\/\/www.maison-albert-andre.com\/en\/wp-json\/wp\/v2\/types\/page"}],"author":[{"embeddable":true,"href":"https:\/\/www.maison-albert-andre.com\/en\/wp-json\/wp\/v2\/users\/1"}],"replies":[{"embeddable":true,"href":"https:\/\/www.maison-albert-andre.com\/en\/wp-json\/wp\/v2\/comments?post=1040"}],"version-history":[{"count":0,"href":"https:\/\/www.maison-albert-andre.com\/en\/wp-json\/wp\/v2\/pages\/1040\/revisions"}],"wp:attachment":[{"href":"https:\/\/www.maison-albert-andre.com\/en\/wp-json\/wp\/v2\/media?parent=1040"}],"curies":[{"name":"wp","href":"https:\/\/api.w.org\/{rel}","templated":true}]}}