{"id":11,"date":"2025-08-07T12:51:43","date_gmt":"2025-08-07T12:51:43","guid":{"rendered":"https:\/\/maison-albert-andre.com\/?page_id=11"},"modified":"2026-03-29T14:44:00","modified_gmt":"2026-03-29T14:44:00","slug":"experiences","status":"publish","type":"page","link":"https:\/\/www.maison-albert-andre.com\/en\/experiences\/","title":{"rendered":"Experiences"},"content":{"rendered":"<div data-elementor-type=\"wp-page\" data-elementor-id=\"11\" class=\"elementor elementor-11\" data-elementor-post-type=\"page\">\n\t\t\t\t<div class=\"elementor-element elementor-element-0b55cd9 e-flex e-con-boxed e-con e-parent\" data-id=\"0b55cd9\" data-element_type=\"container\">\n\t\t\t\t\t<div class=\"e-con-inner\">\n\t\t\t\t<div class=\"elementor-element elementor-element-2444fcd elementor-widget elementor-widget-spacer\" data-id=\"2444fcd\" data-element_type=\"widget\" data-widget_type=\"spacer.default\">\n\t\t\t\t\t\t\t<div class=\"elementor-spacer\">\n\t\t\t<div class=\"elementor-spacer-inner\"><\/div>\n\t\t<\/div>\n\t\t\t\t\t\t<\/div>\n\t\t\t\t\t<\/div>\n\t\t\t\t<\/div>\n\t\t<div class=\"elementor-element elementor-element-b33671e e-con-full e-flex e-con e-parent\" data-id=\"b33671e\" data-element_type=\"container\" data-settings=\"{&quot;background_background&quot;:&quot;gradient&quot;,&quot;position&quot;:&quot;fixed&quot;}\">\n\t\t\t\t<\/div>\n\t\t<div class=\"elementor-element elementor-element-2e057a5 e-flex e-con-boxed e-con e-parent\" data-id=\"2e057a5\" data-element_type=\"container\" data-settings=\"{&quot;background_background&quot;:&quot;video&quot;,&quot;background_video_link&quot;:&quot;https:\\\/\\\/www.maison-albert-andre.com\\\/wp-content\\\/uploads\\\/2025\\\/08\\\/albert-en-mouvement.mp4&quot;,&quot;background_play_on_mobile&quot;:&quot;yes&quot;}\">\n\t\t\t\t\t<div class=\"e-con-inner\">\n\t\t<div class=\"elementor-background-video-container\" aria-hidden=\"true\">\n\t\t\t\t\t\t\t<video class=\"elementor-background-video-hosted\" autoplay muted playsinline loop><\/video>\n\t\t\t\t\t<\/div>\t\t<div class=\"elementor-element elementor-element-d0a00de elementor-widget elementor-widget-heading\" data-id=\"d0a00de\" data-element_type=\"widget\" data-widget_type=\"heading.default\">\n\t\t\t\t\t<h2 class=\"elementor-heading-title elementor-size-default\">Step into the painter\u2019s shoes<\/h2>\t\t\t\t<\/div>\n\t\t\t\t\t<\/div>\n\t\t\t\t<\/div>\n\t\t<div class=\"elementor-element elementor-element-1e99d12 e-flex e-con-boxed e-con e-parent\" data-id=\"1e99d12\" data-element_type=\"container\">\n\t\t\t\t\t<div class=\"e-con-inner\">\n\t\t\t\t<div class=\"elementor-element elementor-element-95c4fb1 elementor-widget elementor-widget-menu-anchor\" data-id=\"95c4fb1\" data-element_type=\"widget\" data-widget_type=\"menu-anchor.default\">\n\t\t\t\t\t\t\t<div class=\"elementor-menu-anchor\" id=\"visiteenligne\"><\/div>\n\t\t\t\t\t\t<\/div>\n\t\t\t\t<div class=\"elementor-element elementor-element-746de72 elementor-widget elementor-widget-spacer\" data-id=\"746de72\" data-element_type=\"widget\" data-widget_type=\"spacer.default\">\n\t\t\t\t\t\t\t<div class=\"elementor-spacer\">\n\t\t\t<div class=\"elementor-spacer-inner\"><\/div>\n\t\t<\/div>\n\t\t\t\t\t\t<\/div>\n\t\t\t\t\t<\/div>\n\t\t\t\t<\/div>\n\t\t<div class=\"elementor-element elementor-element-adee0ec e-flex e-con-boxed e-con e-parent\" data-id=\"adee0ec\" data-element_type=\"container\" data-settings=\"{&quot;motion_fx_motion_fx_scrolling&quot;:&quot;yes&quot;,&quot;motion_fx_translateY_effect&quot;:&quot;yes&quot;,&quot;motion_fx_translateY_speed&quot;:{&quot;unit&quot;:&quot;px&quot;,&quot;size&quot;:2.7,&quot;sizes&quot;:[]},&quot;motion_fx_translateY_affectedRange&quot;:{&quot;unit&quot;:&quot;%&quot;,&quot;size&quot;:&quot;&quot;,&quot;sizes&quot;:{&quot;start&quot;:0,&quot;end&quot;:100}},&quot;motion_fx_devices&quot;:[&quot;desktop&quot;,&quot;tablet&quot;,&quot;mobile&quot;]}\">\n\t\t\t\t\t<div class=\"e-con-inner\">\n\t\t<div class=\"elementor-element elementor-element-39a97d0 e-con-full e-flex e-con e-child\" data-id=\"39a97d0\" data-element_type=\"container\">\n\t\t\t\t<div class=\"elementor-element elementor-element-4536a2a elementor-widget elementor-widget-image\" data-id=\"4536a2a\" data-element_type=\"widget\" data-widget_type=\"image.default\">\n\t\t\t\t\t\t\t\t\t\t\t\t\t\t\t<img fetchpriority=\"high\" decoding=\"async\" width=\"800\" height=\"640\" src=\"https:\/\/www.maison-albert-andre.com\/wp-content\/uploads\/2025\/08\/WhatsApp-Image-2025-06-27-at-18.50.06-1024x819.webp\" class=\"attachment-large size-large wp-image-262\" alt=\"\" srcset=\"https:\/\/www.maison-albert-andre.com\/wp-content\/uploads\/2025\/08\/WhatsApp-Image-2025-06-27-at-18.50.06-1024x819.webp 1024w, https:\/\/www.maison-albert-andre.com\/wp-content\/uploads\/2025\/08\/WhatsApp-Image-2025-06-27-at-18.50.06-300x240.webp 300w, https:\/\/www.maison-albert-andre.com\/wp-content\/uploads\/2025\/08\/WhatsApp-Image-2025-06-27-at-18.50.06-768x614.webp 768w, https:\/\/www.maison-albert-andre.com\/wp-content\/uploads\/2025\/08\/WhatsApp-Image-2025-06-27-at-18.50.06-1536x1229.webp 1536w, https:\/\/www.maison-albert-andre.com\/wp-content\/uploads\/2025\/08\/WhatsApp-Image-2025-06-27-at-18.50.06-15x12.webp 15w, https:\/\/www.maison-albert-andre.com\/wp-content\/uploads\/2025\/08\/WhatsApp-Image-2025-06-27-at-18.50.06.webp 1600w\" sizes=\"(max-width: 800px) 100vw, 800px\" \/>\t\t\t\t\t\t\t\t\t\t\t\t\t\t\t<\/div>\n\t\t\t\t<\/div>\n\t\t<div class=\"elementor-element elementor-element-68760d7 e-con-full e-flex e-con e-child\" data-id=\"68760d7\" data-element_type=\"container\">\n\t\t\t\t<div class=\"elementor-element elementor-element-8a9ad90 elementor-widget elementor-widget-text-editor\" data-id=\"8a9ad90\" data-element_type=\"widget\" data-widget_type=\"text-editor.default\">\n\t\t\t\t\t\t\t\t\t<h2><span style=\"color: #ffffff;\">Online visit<\/span><\/h2>\t\t\t\t\t\t\t\t<\/div>\n\t\t\t\t<div class=\"elementor-element elementor-element-6038f96 elementor-widget elementor-widget-text-editor\" data-id=\"6038f96\" data-element_type=\"widget\" data-widget_type=\"text-editor.default\">\n\t\t\t\t\t\t\t\t\t<p><span style=\"color: #ffffff;\"><em>Visite immersive 360VR, accessible \u00e0 tous\u00a0<\/em><\/span><\/p>\t\t\t\t\t\t\t\t<\/div>\n\t\t\t\t<div class=\"elementor-element elementor-element-58051bb elementor-widget elementor-widget-text-editor\" data-id=\"58051bb\" data-element_type=\"widget\" data-widget_type=\"text-editor.default\">\n\t\t\t\t\t\t\t\t\t<p>\u00a0<\/p><p><strong>From your home, open the door to the summer residence of the Post-Impressionist painter and let yourself be guided through a faithful reconstruction of each room.\u00a0<\/strong><\/p><p><strong>Thanks to our immersive virtual tour, you can freely wander through the living and studio spaces, admiring the decoration and furnishings faithfully recreated from the early 20th century.\u00a0<\/strong><\/p><p><strong>This digital experience, accessible to all and everywhere in the world, invites you to delve into the intimacy of Albert Andr\u00e9 and to feel the inspiration that animated his summers in Laudun-l\u2019Ardoise \u2014 a journey through time at the crossroads of art, history, and emotions.<\/strong><\/p>\t\t\t\t\t\t\t\t<\/div>\n\t\t\t\t<div class=\"elementor-element elementor-element-9078394 elementor-align-left elementor-widget elementor-widget-button\" data-id=\"9078394\" data-element_type=\"widget\" data-widget_type=\"button.default\">\n\t\t\t\t\t\t\t\t\t\t<a class=\"elementor-button elementor-button-link elementor-size-sm\" href=\"https:\/\/pixeldigitalsystems.fr\/enthalpie\/maison-albert-andre\/\" target=\"_blank\">\n\t\t\t\t\t\t<span class=\"elementor-button-content-wrapper\">\n\t\t\t\t\t\t<span class=\"elementor-button-icon\">\n\t\t\t\t<svg aria-hidden=\"true\" class=\"e-font-icon-svg e-fas-angle-right\" viewbox=\"0 0 256 512\" xmlns=\"http:\/\/www.w3.org\/2000\/svg\"><path d=\"M224.3 273l-136 136c-9.4 9.4-24.6 9.4-33.9 0l-22.6-22.6c-9.4-9.4-9.4-24.6 0-33.9l96.4-96.4-96.4-96.4c-9.4-9.4-9.4-24.6 0-33.9L54.3 103c9.4-9.4 24.6-9.4 33.9 0l136 136c9.5 9.4 9.5 24.6.1 34z\"><\/path><\/svg>\t\t\t<\/span>\n\t\t\t\t\t\t\t\t\t<span class=\"elementor-button-text\">Visit<\/span>\n\t\t\t\t\t<\/span>\n\t\t\t\t\t<\/a>\n\t\t\t\t\t\t\t\t<\/div>\n\t\t\t\t<\/div>\n\t\t\t\t\t<\/div>\n\t\t\t\t<\/div>\n\t\t<div class=\"elementor-element elementor-element-bf5b754 e-flex e-con-boxed e-con e-parent\" data-id=\"bf5b754\" data-element_type=\"container\">\n\t\t\t\t\t<div class=\"e-con-inner\">\n\t\t\t\t<div class=\"elementor-element elementor-element-4528b55 elementor-widget elementor-widget-menu-anchor\" data-id=\"4528b55\" data-element_type=\"widget\" data-widget_type=\"menu-anchor.default\">\n\t\t\t\t\t\t\t<div class=\"elementor-menu-anchor\" id=\"jeuenligne\"><\/div>\n\t\t\t\t\t\t<\/div>\n\t\t\t\t<div class=\"elementor-element elementor-element-6728227 elementor-widget elementor-widget-spacer\" data-id=\"6728227\" data-element_type=\"widget\" data-widget_type=\"spacer.default\">\n\t\t\t\t\t\t\t<div class=\"elementor-spacer\">\n\t\t\t<div class=\"elementor-spacer-inner\"><\/div>\n\t\t<\/div>\n\t\t\t\t\t\t<\/div>\n\t\t\t\t\t<\/div>\n\t\t\t\t<\/div>\n\t\t<div class=\"elementor-element elementor-element-06d28cf e-flex e-con-boxed e-con e-parent\" data-id=\"06d28cf\" data-element_type=\"container\" data-settings=\"{&quot;motion_fx_motion_fx_scrolling&quot;:&quot;yes&quot;,&quot;motion_fx_translateY_effect&quot;:&quot;yes&quot;,&quot;motion_fx_translateY_speed&quot;:{&quot;unit&quot;:&quot;px&quot;,&quot;size&quot;:2.7,&quot;sizes&quot;:[]},&quot;motion_fx_translateY_affectedRange&quot;:{&quot;unit&quot;:&quot;%&quot;,&quot;size&quot;:&quot;&quot;,&quot;sizes&quot;:{&quot;start&quot;:0,&quot;end&quot;:100}},&quot;motion_fx_devices&quot;:[&quot;desktop&quot;,&quot;tablet&quot;,&quot;mobile&quot;]}\">\n\t\t\t\t\t<div class=\"e-con-inner\">\n\t\t<div class=\"elementor-element elementor-element-60e8764 e-con-full e-flex e-con e-child\" data-id=\"60e8764\" data-element_type=\"container\">\n\t\t\t\t<div class=\"elementor-element elementor-element-dd8947f elementor-widget elementor-widget-image\" data-id=\"dd8947f\" data-element_type=\"widget\" data-widget_type=\"image.default\">\n\t\t\t\t\t\t\t\t\t\t\t\t\t\t\t<img decoding=\"async\" width=\"800\" height=\"640\" src=\"https:\/\/www.maison-albert-andre.com\/wp-content\/uploads\/2025\/08\/imgtest2jpg-1024x819.webp\" class=\"attachment-large size-large wp-image-224\" alt=\"\" srcset=\"https:\/\/www.maison-albert-andre.com\/wp-content\/uploads\/2025\/08\/imgtest2jpg-1024x819.webp 1024w, https:\/\/www.maison-albert-andre.com\/wp-content\/uploads\/2025\/08\/imgtest2jpg-300x240.webp 300w, https:\/\/www.maison-albert-andre.com\/wp-content\/uploads\/2025\/08\/imgtest2jpg-768x614.webp 768w, https:\/\/www.maison-albert-andre.com\/wp-content\/uploads\/2025\/08\/imgtest2jpg-1536x1229.webp 1536w, https:\/\/www.maison-albert-andre.com\/wp-content\/uploads\/2025\/08\/imgtest2jpg-15x12.webp 15w, https:\/\/www.maison-albert-andre.com\/wp-content\/uploads\/2025\/08\/imgtest2jpg.webp 1600w\" sizes=\"(max-width: 800px) 100vw, 800px\" \/>\t\t\t\t\t\t\t\t\t\t\t\t\t\t\t<\/div>\n\t\t\t\t<\/div>\n\t\t<div class=\"elementor-element elementor-element-1871ecb e-con-full e-flex e-con e-child\" data-id=\"1871ecb\" data-element_type=\"container\">\n\t\t\t\t<div class=\"elementor-element elementor-element-3a8776a elementor-widget elementor-widget-text-editor\" data-id=\"3a8776a\" data-element_type=\"widget\" data-widget_type=\"text-editor.default\">\n\t\t\t\t\t\t\t\t\t<h2><span style=\"color: #ffffff;\">Online game<\/span><\/h2>\t\t\t\t\t\t\t\t<\/div>\n\t\t\t\t<div class=\"elementor-element elementor-element-38562db elementor-widget elementor-widget-text-editor\" data-id=\"38562db\" data-element_type=\"widget\" data-widget_type=\"text-editor.default\">\n\t\t\t\t\t\t\t\t\t<p><span style=\"color: #ffffff;\"><em>Jeu Point &amp; Click\u00a0 (disponible en mars 2026)\u00a0<\/em><\/span><\/p>\t\t\t\t\t\t\t\t<\/div>\n\t\t\t\t<div class=\"elementor-element elementor-element-2b0d492 elementor-widget elementor-widget-text-editor\" data-id=\"2b0d492\" data-element_type=\"widget\" data-widget_type=\"text-editor.default\">\n\t\t\t\t\t\t\t\t\t<p data-start=\"0\" data-end=\"103\"><strong data-start=\"0\" data-end=\"103\">Entrez dans la maison d\u2019Albert Andr\u00e9 et vivez une enqu\u00eate immersive au c\u0153ur de l\u2019histoire de l\u2019art.<\/strong><\/p><p data-start=\"105\" data-end=\"381\">Dans ce jeu en ligne interactif, vous incarnez <strong data-start=\"152\" data-end=\"168\">Albert Andr\u00e9<\/strong>, peintre postimpressionniste et ami de Renoir. En vous d\u00e9pla\u00e7ant librement dans les diff\u00e9rentes pi\u00e8ces de sa maison, vous devrez explorer, observer et r\u00e9soudre une s\u00e9rie d\u2019\u00e9nigmes pour mener \u00e0 bien votre mission.<\/p><p data-start=\"383\" data-end=\"671\">Nous sommes en <strong data-start=\"398\" data-end=\"415\">d\u00e9cembre 1941<\/strong>. La guerre impose le rationnement et les temps sont difficiles. \u00c0 l\u2019approche de No\u00ebl, Albert Andr\u00e9 a trouv\u00e9 une solution inattendue pour am\u00e9liorer le repas de f\u00eate : il a promis de r\u00e9aliser un tableau pour un \u00e9leveur du village\u2026 en \u00e9change d\u2019une volaille.<\/p><p data-start=\"673\" data-end=\"839\">Mais rien n\u2019est simple. Son atelier est en d\u00e9sordre, ses affaires sont dispers\u00e9es dans toute la maison et les \u00e9l\u00e9ments n\u00e9cessaires pour pr\u00e9parer sa toile ont disparu.<\/p><p data-start=\"841\" data-end=\"1001\">Votre mission : <strong data-start=\"857\" data-end=\"1001\">aider Albert \u00e0 retrouver ses outils, rassembler les objets n\u00e9cessaires et remettre de l\u2019ordre dans son univers pour pouvoir peindre \u00e0 temps.<\/strong><\/p><p data-start=\"1003\" data-end=\"1205\">En fouillant la maison, en manipulant les objets et en r\u00e9solvant les d\u00e9fis, vous d\u00e9couvrirez peu \u00e0 peu <strong data-start=\"1106\" data-end=\"1204\">la vie quotidienne du peintre, son atelier et l\u2019atmosph\u00e8re de sa maison au d\u00e9but du XX\u1d49 si\u00e8cle<\/strong>.<\/p><p data-start=\"1207\" data-end=\"1426\" data-is-last-node=\"\" data-is-only-node=\"\">Pens\u00e9e pour tous les publics, cette aventure m\u00eale <strong data-start=\"1257\" data-end=\"1305\">jeu, exploration et d\u00e9couverte du patrimoine<\/strong>. Seul, en famille ou entre amis, plongez dans une exp\u00e9rience originale o\u00f9 l\u2019histoire de l\u2019art devient un terrain de jeu.<\/p>\t\t\t\t\t\t\t\t<\/div>\n\t\t\t\t<div class=\"elementor-element elementor-element-bb51f56 elementor-align-left elementor-widget elementor-widget-button\" data-id=\"bb51f56\" data-element_type=\"widget\" data-widget_type=\"button.default\">\n\t\t\t\t\t\t\t\t\t\t<a class=\"elementor-button elementor-button-link elementor-size-sm\" href=\"https:\/\/pixeldigitalsystems.fr\/enthalpie\/maison-albert-andre-jeu\/\" target=\"_blank\">\n\t\t\t\t\t\t<span class=\"elementor-button-content-wrapper\">\n\t\t\t\t\t\t<span class=\"elementor-button-icon\">\n\t\t\t\t<svg aria-hidden=\"true\" class=\"e-font-icon-svg e-fas-angle-right\" viewbox=\"0 0 256 512\" xmlns=\"http:\/\/www.w3.org\/2000\/svg\"><path d=\"M224.3 273l-136 136c-9.4 9.4-24.6 9.4-33.9 0l-22.6-22.6c-9.4-9.4-9.4-24.6 0-33.9l96.4-96.4-96.4-96.4c-9.4-9.4-9.4-24.6 0-33.9L54.3 103c9.4-9.4 24.6-9.4 33.9 0l136 136c9.5 9.4 9.5 24.6.1 34z\"><\/path><\/svg>\t\t\t<\/span>\n\t\t\t\t\t\t\t\t\t<span class=\"elementor-button-text\">Play     <\/span>\n\t\t\t\t\t<\/span>\n\t\t\t\t\t<\/a>\n\t\t\t\t\t\t\t\t<\/div>\n\t\t\t\t<\/div>\n\t\t\t\t\t<\/div>\n\t\t\t\t<\/div>\n\t\t<div class=\"elementor-element elementor-element-2407e27 e-flex e-con-boxed e-con e-parent\" data-id=\"2407e27\" data-element_type=\"container\">\n\t\t\t\t\t<div class=\"e-con-inner\">\n\t\t\t\t\t<\/div>\n\t\t\t\t<\/div>\n\t\t\t\t<\/div>","protected":false},"excerpt":{"rendered":"<p>Glissez-vous dans la peau du peintre Visite en ligne Visite immersive 360VR, accessible \u00e0 tous\u00a0 \u00a0 Depuis chez vous, ouvrez la porte de la demeure estivale du peintre postimpressionniste et laissez-vous guider \u00e0 travers une reconstitution fid\u00e8le de chaque pi\u00e8ce.\u00a0 Gr\u00e2ce \u00e0 notre visite virtuelle immersive, vous pourrez d\u00e9ambuler librement dans les espaces de vie [&hellip;]<\/p>","protected":false},"author":1,"featured_media":0,"parent":0,"menu_order":0,"comment_status":"closed","ping_status":"closed","template":"elementor_header_footer","meta":{"footnotes":""},"class_list":["post-11","page","type-page","status-publish","hentry"],"_links":{"self":[{"href":"https:\/\/www.maison-albert-andre.com\/en\/wp-json\/wp\/v2\/pages\/11","targetHints":{"allow":["GET"]}}],"collection":[{"href":"https:\/\/www.maison-albert-andre.com\/en\/wp-json\/wp\/v2\/pages"}],"about":[{"href":"https:\/\/www.maison-albert-andre.com\/en\/wp-json\/wp\/v2\/types\/page"}],"author":[{"embeddable":true,"href":"https:\/\/www.maison-albert-andre.com\/en\/wp-json\/wp\/v2\/users\/1"}],"replies":[{"embeddable":true,"href":"https:\/\/www.maison-albert-andre.com\/en\/wp-json\/wp\/v2\/comments?post=11"}],"version-history":[{"count":0,"href":"https:\/\/www.maison-albert-andre.com\/en\/wp-json\/wp\/v2\/pages\/11\/revisions"}],"wp:attachment":[{"href":"https:\/\/www.maison-albert-andre.com\/en\/wp-json\/wp\/v2\/media?parent=11"}],"curies":[{"name":"wp","href":"https:\/\/api.w.org\/{rel}","templated":true}]}}