{"id":1451,"date":"2025-08-27T12:04:00","date_gmt":"2025-08-27T12:04:00","guid":{"rendered":"https:\/\/www.maison-albert-andre.com\/?page_id=1451"},"modified":"2025-08-27T14:12:13","modified_gmt":"2025-08-27T14:12:13","slug":"presse","status":"publish","type":"page","link":"https:\/\/www.maison-albert-andre.com\/en\/presse\/","title":{"rendered":"presse"},"content":{"rendered":"<div data-elementor-type=\"wp-page\" data-elementor-id=\"1451\" class=\"elementor elementor-1451\" data-elementor-post-type=\"page\">\n\t\t\t\t<div class=\"elementor-element elementor-element-e5def4a e-flex e-con-boxed e-con e-parent\" data-id=\"e5def4a\" data-element_type=\"container\">\n\t\t\t\t\t<div class=\"e-con-inner\">\n\t\t\t\t<div class=\"elementor-element elementor-element-7533030 elementor-widget elementor-widget-spacer\" data-id=\"7533030\" data-element_type=\"widget\" data-widget_type=\"spacer.default\">\n\t\t\t\t\t\t\t<div class=\"elementor-spacer\">\n\t\t\t<div class=\"elementor-spacer-inner\"><\/div>\n\t\t<\/div>\n\t\t\t\t\t\t<\/div>\n\t\t\t\t\t<\/div>\n\t\t\t\t<\/div>\n\t\t<div class=\"elementor-element elementor-element-72f700a e-flex e-con-boxed e-con e-parent\" data-id=\"72f700a\" data-element_type=\"container\" data-settings=\"{&quot;background_background&quot;:&quot;classic&quot;}\">\n\t\t\t\t\t<div class=\"e-con-inner\">\n\t\t<div class=\"elementor-element elementor-element-7a1ba2b e-con-full e-flex elementor-invisible e-con e-child\" data-id=\"7a1ba2b\" data-element_type=\"container\" data-settings=\"{&quot;animation&quot;:&quot;fadeInUp&quot;}\">\n\t\t\t\t<div class=\"elementor-element elementor-element-4985aaf elementor-widget elementor-widget-heading\" data-id=\"4985aaf\" data-element_type=\"widget\" data-widget_type=\"heading.default\">\n\t\t\t\t\t<h2 class=\"elementor-heading-title elementor-size-default\">Espace presse<\/h2>\t\t\t\t<\/div>\n\t\t\t\t<\/div>\n\t\t\t\t\t<\/div>\n\t\t\t\t<\/div>\n\t\t<div class=\"elementor-element elementor-element-9caaa83 e-flex e-con-boxed elementor-invisible e-con e-parent\" data-id=\"9caaa83\" data-element_type=\"container\" data-settings=\"{&quot;animation&quot;:&quot;fadeIn&quot;}\">\n\t\t\t\t\t<div class=\"e-con-inner\">\n\t\t\t\t<div class=\"elementor-element elementor-element-15574d2 elementor-widget elementor-widget-spacer\" data-id=\"15574d2\" data-element_type=\"widget\" data-widget_type=\"spacer.default\">\n\t\t\t\t\t\t\t<div class=\"elementor-spacer\">\n\t\t\t<div class=\"elementor-spacer-inner\"><\/div>\n\t\t<\/div>\n\t\t\t\t\t\t<\/div>\n\t\t\t\t\t<\/div>\n\t\t\t\t<\/div>\n\t\t<div class=\"elementor-element elementor-element-0fcbf7e e-flex e-con-boxed elementor-invisible e-con e-parent\" data-id=\"0fcbf7e\" data-element_type=\"container\" data-settings=\"{&quot;animation&quot;:&quot;fadeIn&quot;}\">\n\t\t\t\t\t<div class=\"e-con-inner\">\n\t\t\t\t<div class=\"elementor-element elementor-element-9a4b293 elementor-widget elementor-widget-text-editor\" data-id=\"9a4b293\" data-element_type=\"widget\" data-widget_type=\"text-editor.default\">\n\t\t\t\t\t\t\t\t\t<p><strong><em>About us<\/em><\/strong><\/p>\t\t\t\t\t\t\t\t<\/div>\n\t\t\t\t<div class=\"elementor-element elementor-element-8ae8481 elementor-widget elementor-widget-text-editor\" data-id=\"8ae8481\" data-element_type=\"widget\" data-widget_type=\"text-editor.default\">\n\t\t\t\t\t\t\t\t\t<p data-start=\"291\" data-end=\"610\">Situated in the heart of the Gard Rhodanien area, the town of <strong data-start=\"339\" data-end=\"359\">Laudun-l\u2019Ardoise<\/strong> combines rich heritage, cultural vitality, and economic dynamism. Rooted in its history yet looking to the future, the municipality is dedicated to enhancing its territory and supporting local initiatives that contribute to the city\u2019s reputation and outreach.<\/p><p data-start=\"612\" data-end=\"899\">Committed to its residents, the municipality works every day to provide quality services, encourage community life, and preserve the living environment. It also supports cultural and innovative projects that foster social bonds and the transmission of heritage.<\/p><p data-start=\"901\" data-end=\"1128\">By supporting the Maison d\u2019Albert Andr\u00e9 and its partners, <strong data-start=\"980\" data-end=\"1125\">the town hall affirms its determination to make culture accessible to all and to keep alive the artistic and collective memory of Laudun-l\u2019Ardoise.<\/strong>.<\/p>\t\t\t\t\t\t\t\t<\/div>\n\t\t\t\t\t<\/div>\n\t\t\t\t<\/div>\n\t\t<div class=\"elementor-element elementor-element-5c112db e-flex e-con-boxed elementor-invisible e-con e-parent\" data-id=\"5c112db\" data-element_type=\"container\" data-settings=\"{&quot;animation&quot;:&quot;fadeIn&quot;}\">\n\t\t\t\t\t<div class=\"e-con-inner\">\n\t\t\t\t<div class=\"elementor-element elementor-element-995fca9 elementor-widget elementor-widget-text-editor\" data-id=\"995fca9\" data-element_type=\"widget\" data-widget_type=\"text-editor.default\">\n\t\t\t\t\t\t\t\t\t<p><strong><em>About the project<\/em><\/strong><\/p>\t\t\t\t\t\t\t\t<\/div>\n\t\t\t\t<div class=\"elementor-element elementor-element-2053f50 elementor-widget elementor-widget-text-editor\" data-id=\"2053f50\" data-element_type=\"widget\" data-widget_type=\"text-editor.default\">\n\t\t\t\t\t\t\t\t\t<p data-start=\"221\" data-end=\"487\">The <strong data-start=\"224\" data-end=\"249\">Albert Andr\u00e9's house<\/strong>, the summer residence of the post-Impressionist painter (1869\u20131954) and friend of Auguste Renoir, is an emblematic place of Laudun-l\u2019Ardoise. Long left unoccupied, it was bequeathed to the town in order to preserve and share the artist\u2019s world.<\/p><p data-start=\"489\" data-end=\"728\">Driven by the mayor\u2019s initiative <strong data-start=\"515\" data-end=\"531\">Yves Cazorla<\/strong>, a twin project came to life: the <strong data-start=\"568\" data-end=\"604\">the restoration of the historic house<\/strong>, with a view to a future opening to the public, and the creation of an <strong data-start=\"667\" data-end=\"691\">unprecedented website<\/strong>, marking the first step in its revival.<\/p><p data-start=\"730\" data-end=\"891\">Designed in partnership with the company <strong data-start=\"767\" data-end=\"780\">Enthalpie<\/strong>, specialized in the playful enhancement of heritage, this site offers much more than a virtual visit :<\/p><ul data-start=\"892\" data-end=\"1171\"><li data-start=\"892\" data-end=\"943\"><p data-start=\"894\" data-end=\"943\">a discovery of the house and its history,<\/p><\/li><li data-start=\"944\" data-end=\"1009\"><p data-start=\"946\" data-end=\"1009\">resources on the life and work of Albert Andr\u00e9,<\/p><\/li><li data-start=\"1010\" data-end=\"1110\"><p data-start=\"1012\" data-end=\"1110\">a digital reconstruction <strong data-start=\"1031\" data-end=\"1047\">immersive<\/strong> of the house as it was at the beginning of the 20th century (January 2026),<\/p><\/li><li data-start=\"1111\" data-end=\"1171\"><p data-start=\"1113\" data-end=\"1171\">an <strong data-start=\"1116\" data-end=\"1140\">online escape game<\/strong>, to explore and play at the same time.<\/p><\/li><\/ul><p data-start=\"1173\" data-end=\"1378\">This project aims to make the Maison d\u2019Albert Andr\u00e9 a <strong data-start=\"1234\" data-end=\"1255\">living heritage<\/strong>, where past and digital meet to offer a cultural experience <strong data-start=\"1332\" data-end=\"1375\">immersive, engaging, and accessible to everyone<\/strong>.<\/p>\t\t\t\t\t\t\t\t<\/div>\n\t\t\t\t\t<\/div>\n\t\t\t\t<\/div>\n\t\t<div class=\"elementor-element elementor-element-b6c1be3 e-flex e-con-boxed e-con e-parent\" data-id=\"b6c1be3\" data-element_type=\"container\">\n\t\t\t\t\t<div class=\"e-con-inner\">\n\t\t\t\t<div class=\"elementor-element elementor-element-041a8d9 elementor-widget-divider--view-line elementor-widget elementor-widget-divider\" data-id=\"041a8d9\" data-element_type=\"widget\" data-widget_type=\"divider.default\">\n\t\t\t\t\t\t\t<div class=\"elementor-divider\">\n\t\t\t<span class=\"elementor-divider-separator\">\n\t\t\t\t\t\t<\/span>\n\t\t<\/div>\n\t\t\t\t\t\t<\/div>\n\t\t\t\t\t<\/div>\n\t\t\t\t<\/div>\n\t\t<div class=\"elementor-element elementor-element-e3927e7 e-flex e-con-boxed e-con e-parent\" data-id=\"e3927e7\" data-element_type=\"container\">\n\t\t\t\t\t<div class=\"e-con-inner\">\n\t\t\t\t<div class=\"elementor-element elementor-element-44b681d elementor-widget elementor-widget-text-editor\" data-id=\"44b681d\" data-element_type=\"widget\" data-widget_type=\"text-editor.default\">\n\t\t\t\t\t\t\t\t\t<p><strong><em>contact us<\/em><\/strong><\/p>\t\t\t\t\t\t\t\t<\/div>\n\t\t\t\t\t<\/div>\n\t\t\t\t<\/div>\n\t\t<div class=\"elementor-element elementor-element-3310295 e-flex e-con-boxed e-con e-parent\" data-id=\"3310295\" data-element_type=\"container\">\n\t\t\t\t\t<div class=\"e-con-inner\">\n\t\t\t\t<div class=\"elementor-element elementor-element-1d6383d elementor-widget__width-initial elementor-button-align-stretch elementor-widget elementor-widget-form\" data-id=\"1d6383d\" data-element_type=\"widget\" data-settings=\"{&quot;step_next_label&quot;:&quot;Suivant&quot;,&quot;step_previous_label&quot;:&quot;Pr\\u00e9c\\u00e9dent&quot;,&quot;button_width&quot;:&quot;100&quot;,&quot;step_type&quot;:&quot;number_text&quot;,&quot;step_icon_shape&quot;:&quot;circle&quot;}\" data-widget_type=\"form.default\">\n\t\t\t\t\t\t\t<form class=\"elementor-form\" method=\"post\" name=\"formulaire presse\" aria-label=\"press contact\" action=\"\">\n\t\t\t<input type=\"hidden\" name=\"post_id\" value=\"1451\"\/>\n\t\t\t<input type=\"hidden\" name=\"form_id\" value=\"1d6383d\"\/>\n\t\t\t<input type=\"hidden\" name=\"referer_title\" value=\"presse\" \/>\n\n\t\t\t\t\t\t\t<input type=\"hidden\" name=\"queried_id\" value=\"1451\"\/>\n\t\t\t\n\t\t\t<div class=\"elementor-form-fields-wrapper elementor-labels-above\">\n\t\t\t\t\t\t\t\t<div class=\"elementor-field-type-text elementor-field-group elementor-column elementor-field-group-field_2c97406 elementor-col-100\">\n\t\t\t\t\t\t\t\t\t\t\t\t<label for=\"form-field-field_2c97406\" class=\"elementor-field-label\">\n\t\t\t\t\t\t\t\tName of your structure\t\t\t\t\t\t\t<\/label>\n\t\t\t\t\t\t\t\t\t\t\t\t\t\t<input size=\"1\" type=\"text\" name=\"form_fields[field_2c97406]\" id=\"form-field-field_2c97406\" class=\"elementor-field elementor-size-sm  elementor-field-textual\">\n\t\t\t\t\t\t\t\t\t\t\t<\/div>\n\t\t\t\t\t\t\t\t<div class=\"elementor-field-type-text elementor-field-group elementor-column elementor-field-group-name elementor-col-100\">\n\t\t\t\t\t\t\t\t\t\t\t\t<label for=\"form-field-name\" class=\"elementor-field-label\">\n\t\t\t\t\t\t\t\tYour Name\t\t\t\t\t\t\t<\/label>\n\t\t\t\t\t\t\t\t\t\t\t\t\t\t<input size=\"1\" type=\"text\" name=\"form_fields[name]\" id=\"form-field-name\" class=\"elementor-field elementor-size-sm  elementor-field-textual\">\n\t\t\t\t\t\t\t\t\t\t\t<\/div>\n\t\t\t\t\t\t\t\t<div class=\"elementor-field-type-text elementor-field-group elementor-column elementor-field-group-field_e3cb327 elementor-col-100\">\n\t\t\t\t\t\t\t\t\t\t\t\t<label for=\"form-field-field_e3cb327\" class=\"elementor-field-label\">\n\t\t\t\t\t\t\t\tSubject\t\t\t\t\t\t\t<\/label>\n\t\t\t\t\t\t\t\t\t\t\t\t\t\t<input size=\"1\" type=\"text\" name=\"form_fields[field_e3cb327]\" id=\"form-field-field_e3cb327\" class=\"elementor-field elementor-size-sm  elementor-field-textual\">\n\t\t\t\t\t\t\t\t\t\t\t<\/div>\n\t\t\t\t\t\t\t\t<div class=\"elementor-field-type-email elementor-field-group elementor-column elementor-field-group-email elementor-col-100 elementor-field-required\">\n\t\t\t\t\t\t\t\t\t\t\t\t<label for=\"form-field-email\" class=\"elementor-field-label\">\n\t\t\t\t\t\t\t\tE-mail\t\t\t\t\t\t\t<\/label>\n\t\t\t\t\t\t\t\t\t\t\t\t\t\t<input size=\"1\" type=\"email\" name=\"form_fields[email]\" id=\"form-field-email\" class=\"elementor-field elementor-size-sm  elementor-field-textual\" required=\"required\">\n\t\t\t\t\t\t\t\t\t\t\t<\/div>\n\t\t\t\t\t\t\t\t<div class=\"elementor-field-type-textarea elementor-field-group elementor-column elementor-field-group-message elementor-col-100\">\n\t\t\t\t\t\t\t\t\t\t\t\t<label for=\"form-field-message\" class=\"elementor-field-label\">\n\t\t\t\t\t\t\t\tMessage\t\t\t\t\t\t\t<\/label>\n\t\t\t\t\t\t<textarea class=\"elementor-field-textual elementor-field  elementor-size-sm\" name=\"form_fields[message]\" id=\"form-field-message\" rows=\"4\"><\/textarea>\t\t\t\t<\/div>\n\t\t\t\t\t\t\t\t<div class=\"elementor-field-group elementor-column elementor-field-type-submit elementor-col-100 e-form__buttons\">\n\t\t\t\t\t<button class=\"elementor-button elementor-size-sm\" type=\"submit\">\n\t\t\t\t\t\t<span class=\"elementor-button-content-wrapper\">\n\t\t\t\t\t\t\t\t\t\t\t\t\t\t\t<span class=\"elementor-button-icon\">\n\t\t\t\t\t\t\t\t\t<svg aria-hidden=\"true\" class=\"e-font-icon-svg e-far-paper-plane\" viewbox=\"0 0 512 512\" xmlns=\"http:\/\/www.w3.org\/2000\/svg\"><path d=\"M440 6.5L24 246.4c-34.4 19.9-31.1 70.8 5.7 85.9L144 379.6V464c0 46.4 59.2 65.5 86.6 28.6l43.8-59.1 111.9 46.2c5.9 2.4 12.1 3.6 18.3 3.6 8.2 0 16.3-2.1 23.6-6.2 12.8-7.2 21.6-20 23.9-34.5l59.4-387.2c6.1-40.1-36.9-68.8-71.5-48.9zM192 464v-64.6l36.6 15.1L192 464zm212.6-28.7l-153.8-63.5L391 169.5c10.7-15.5-9.5-33.5-23.7-21.2L155.8 332.6 48 288 464 48l-59.4 387.3z\"><\/path><\/svg>\t\t\t\t\t\t\t\t\t\t\t\t\t\t\t\t\t<\/span>\n\t\t\t\t\t\t\t\t\t\t\t\t\t\t\t\t\t\t\t\t\t\t<span class=\"elementor-button-text\">Send<\/span>\n\t\t\t\t\t\t\t\t\t\t\t\t\t<\/span>\n\t\t\t\t\t<\/button>\n\t\t\t\t<\/div>\n\t\t\t<\/div>\n\t\t<input type=\"hidden\" name=\"trp-form-language\" value=\"en\"\/><\/form>\n\t\t\t\t\t\t<\/div>\n\t\t\t\t\t<\/div>\n\t\t\t\t<\/div>\n\t\t\t\t<\/div>","protected":false},"excerpt":{"rendered":"<p>Espace presse Qui sommes-nous ? Situ\u00e9e au c\u0153ur du Gard rhodanien, la commune de Laudun-l\u2019Ardoise allie richesse patrimoniale, dynamisme culturel et vitalit\u00e9 \u00e9conomique. Forte de son histoire et tourn\u00e9e vers l\u2019avenir, la mairie s\u2019attache \u00e0 valoriser son territoire et \u00e0 soutenir les initiatives locales qui contribuent au rayonnement de la ville. Engag\u00e9e aupr\u00e8s des habitants, [&hellip;]<\/p>","protected":false},"author":1,"featured_media":0,"parent":0,"menu_order":0,"comment_status":"closed","ping_status":"closed","template":"elementor_header_footer","meta":{"footnotes":""},"class_list":["post-1451","page","type-page","status-publish","hentry"],"_links":{"self":[{"href":"https:\/\/www.maison-albert-andre.com\/en\/wp-json\/wp\/v2\/pages\/1451","targetHints":{"allow":["GET"]}}],"collection":[{"href":"https:\/\/www.maison-albert-andre.com\/en\/wp-json\/wp\/v2\/pages"}],"about":[{"href":"https:\/\/www.maison-albert-andre.com\/en\/wp-json\/wp\/v2\/types\/page"}],"author":[{"embeddable":true,"href":"https:\/\/www.maison-albert-andre.com\/en\/wp-json\/wp\/v2\/users\/1"}],"replies":[{"embeddable":true,"href":"https:\/\/www.maison-albert-andre.com\/en\/wp-json\/wp\/v2\/comments?post=1451"}],"version-history":[{"count":0,"href":"https:\/\/www.maison-albert-andre.com\/en\/wp-json\/wp\/v2\/pages\/1451\/revisions"}],"wp:attachment":[{"href":"https:\/\/www.maison-albert-andre.com\/en\/wp-json\/wp\/v2\/media?parent=1451"}],"curies":[{"name":"wp","href":"https:\/\/api.w.org\/{rel}","templated":true}]}}