{"id":1458,"date":"2025-08-27T12:06:48","date_gmt":"2025-08-27T12:06:48","guid":{"rendered":"https:\/\/www.maison-albert-andre.com\/?page_id=1458"},"modified":"2025-08-27T16:48:20","modified_gmt":"2025-08-27T16:48:20","slug":"nos-partenaires","status":"publish","type":"page","link":"https:\/\/www.maison-albert-andre.com\/en\/nos-partenaires\/","title":{"rendered":"Our Partners"},"content":{"rendered":"<div data-elementor-type=\"wp-page\" data-elementor-id=\"1458\" class=\"elementor elementor-1458\" data-elementor-post-type=\"page\">\n\t\t\t\t<div class=\"elementor-element elementor-element-8a0781a e-flex e-con-boxed e-con e-parent\" data-id=\"8a0781a\" data-element_type=\"container\">\n\t\t\t\t\t<div class=\"e-con-inner\">\n\t\t\t\t<div class=\"elementor-element elementor-element-455eaad elementor-widget elementor-widget-spacer\" data-id=\"455eaad\" data-element_type=\"widget\" data-widget_type=\"spacer.default\">\n\t\t\t\t\t\t\t<div class=\"elementor-spacer\">\n\t\t\t<div class=\"elementor-spacer-inner\"><\/div>\n\t\t<\/div>\n\t\t\t\t\t\t<\/div>\n\t\t\t\t\t<\/div>\n\t\t\t\t<\/div>\n\t\t<div class=\"elementor-element elementor-element-a497d41 e-con-full e-flex e-con e-parent\" data-id=\"a497d41\" data-element_type=\"container\" data-settings=\"{&quot;background_background&quot;:&quot;classic&quot;}\">\n\t\t\t\t<div class=\"elementor-element elementor-element-8a01883 elementor-widget__width-initial elementor-widget elementor-widget-text-editor\" data-id=\"8a01883\" data-element_type=\"widget\" data-widget_type=\"text-editor.default\">\n\t\t\t\t\t\t\t\t\t<p>Our partners<\/p>\t\t\t\t\t\t\t\t<\/div>\n\t\t\t\t<\/div>\n\t\t<div class=\"elementor-element elementor-element-b3c43a0 e-con-full e-flex elementor-invisible e-con e-parent\" data-id=\"b3c43a0\" data-element_type=\"container\" data-settings=\"{&quot;animation&quot;:&quot;fadeInUp&quot;}\">\n\t\t<div class=\"elementor-element elementor-element-23650b9 e-con-full e-flex e-con e-child\" data-id=\"23650b9\" data-element_type=\"container\" data-settings=\"{&quot;motion_fx_motion_fx_scrolling&quot;:&quot;yes&quot;,&quot;motion_fx_devices&quot;:[&quot;desktop&quot;,&quot;tablet&quot;,&quot;mobile&quot;]}\">\n\t\t\t\t<div class=\"elementor-element elementor-element-ff5120a elementor-widget elementor-widget-text-editor\" data-id=\"ff5120a\" data-element_type=\"widget\" data-widget_type=\"text-editor.default\">\n\t\t\t\t\t\t\t\t\t<p><strong>Initiated by<\/strong><\/p>\t\t\t\t\t\t\t\t<\/div>\n\t\t\t\t<div class=\"elementor-element elementor-element-7b30153 e-transform elementor-widget elementor-widget-image\" data-id=\"7b30153\" data-element_type=\"widget\" data-settings=\"{&quot;_transform_scale_effect&quot;:{&quot;unit&quot;:&quot;px&quot;,&quot;size&quot;:0.8,&quot;sizes&quot;:[]},&quot;_transform_scale_effect_tablet&quot;:{&quot;unit&quot;:&quot;px&quot;,&quot;size&quot;:&quot;&quot;,&quot;sizes&quot;:[]},&quot;_transform_scale_effect_mobile&quot;:{&quot;unit&quot;:&quot;px&quot;,&quot;size&quot;:&quot;&quot;,&quot;sizes&quot;:[]}}\" data-widget_type=\"image.default\">\n\t\t\t\t\t\t\t\t\t\t\t\t\t\t\t\t<a href=\"https:\/\/www.laudunlardoise.fr\/\" target=\"_blank\">\n\t\t\t\t\t\t\t<img fetchpriority=\"high\" decoding=\"async\" width=\"315\" height=\"239\" src=\"https:\/\/www.maison-albert-andre.com\/wp-content\/uploads\/2025\/08\/ac9fdf47a8fd279ccf496317f1541c72.webp\" class=\"attachment-large size-large wp-image-708\" alt=\"\" srcset=\"https:\/\/www.maison-albert-andre.com\/wp-content\/uploads\/2025\/08\/ac9fdf47a8fd279ccf496317f1541c72.webp 315w, https:\/\/www.maison-albert-andre.com\/wp-content\/uploads\/2025\/08\/ac9fdf47a8fd279ccf496317f1541c72-300x228.webp 300w, https:\/\/www.maison-albert-andre.com\/wp-content\/uploads\/2025\/08\/ac9fdf47a8fd279ccf496317f1541c72-16x12.webp 16w\" sizes=\"(max-width: 315px) 100vw, 315px\" \/>\t\t\t\t\t\t\t\t<\/a>\n\t\t\t\t\t\t\t\t\t\t\t\t\t\t\t<\/div>\n\t\t\t\t<\/div>\n\t\t<div class=\"elementor-element elementor-element-a034788 e-con-full e-flex e-con e-child\" data-id=\"a034788\" data-element_type=\"container\" data-settings=\"{&quot;motion_fx_motion_fx_scrolling&quot;:&quot;yes&quot;,&quot;motion_fx_devices&quot;:[&quot;desktop&quot;,&quot;tablet&quot;,&quot;mobile&quot;]}\">\n\t\t\t\t<div class=\"elementor-element elementor-element-1c114e4 elementor-widget elementor-widget-text-editor\" data-id=\"1c114e4\" data-element_type=\"widget\" data-widget_type=\"text-editor.default\">\n\t\t\t\t\t\t\t\t\t<p><strong>For the design and development of the website and the online game<\/strong><\/p>\t\t\t\t\t\t\t\t<\/div>\n\t\t\t\t<div class=\"elementor-element elementor-element-4a1317f e-transform elementor-widget elementor-widget-image\" data-id=\"4a1317f\" data-element_type=\"widget\" data-settings=\"{&quot;_transform_scale_effect&quot;:{&quot;unit&quot;:&quot;px&quot;,&quot;size&quot;:0.8,&quot;sizes&quot;:[]},&quot;_transform_scale_effect_tablet&quot;:{&quot;unit&quot;:&quot;px&quot;,&quot;size&quot;:&quot;&quot;,&quot;sizes&quot;:[]},&quot;_transform_scale_effect_mobile&quot;:{&quot;unit&quot;:&quot;px&quot;,&quot;size&quot;:&quot;&quot;,&quot;sizes&quot;:[]}}\" data-widget_type=\"image.default\">\n\t\t\t\t\t\t\t\t\t\t\t\t\t\t\t\t<a href=\"https:\/\/www.enthalpie-lab.com\/\" target=\"_blank\">\n\t\t\t\t\t\t\t<img decoding=\"async\" width=\"800\" height=\"800\" src=\"https:\/\/www.maison-albert-andre.com\/wp-content\/uploads\/2025\/08\/WhatsApp-Image-2024-11-14-at-10.35.10-1024x1024.webp\" class=\"attachment-large size-large wp-image-710\" alt=\"\" srcset=\"https:\/\/www.maison-albert-andre.com\/wp-content\/uploads\/2025\/08\/WhatsApp-Image-2024-11-14-at-10.35.10-1024x1024.webp 1024w, https:\/\/www.maison-albert-andre.com\/wp-content\/uploads\/2025\/08\/WhatsApp-Image-2024-11-14-at-10.35.10-300x300.webp 300w, https:\/\/www.maison-albert-andre.com\/wp-content\/uploads\/2025\/08\/WhatsApp-Image-2024-11-14-at-10.35.10-150x150.webp 150w, https:\/\/www.maison-albert-andre.com\/wp-content\/uploads\/2025\/08\/WhatsApp-Image-2024-11-14-at-10.35.10-768x768.webp 768w, https:\/\/www.maison-albert-andre.com\/wp-content\/uploads\/2025\/08\/WhatsApp-Image-2024-11-14-at-10.35.10-1536x1536.webp 1536w, https:\/\/www.maison-albert-andre.com\/wp-content\/uploads\/2025\/08\/WhatsApp-Image-2024-11-14-at-10.35.10-12x12.webp 12w, https:\/\/www.maison-albert-andre.com\/wp-content\/uploads\/2025\/08\/WhatsApp-Image-2024-11-14-at-10.35.10.webp 1600w\" sizes=\"(max-width: 800px) 100vw, 800px\" \/>\t\t\t\t\t\t\t\t<\/a>\n\t\t\t\t\t\t\t\t\t\t\t\t\t\t\t<\/div>\n\t\t\t\t<\/div>\n\t\t\t\t<\/div>\n\t\t\t\t<\/div>","protected":false},"excerpt":{"rendered":"<p>Les partenaires \u00c0 l&rsquo;initiative \u00c0 la r\u00e9alisation du site internet et du jeu en ligne<\/p>","protected":false},"author":1,"featured_media":0,"parent":0,"menu_order":0,"comment_status":"closed","ping_status":"closed","template":"elementor_header_footer","meta":{"footnotes":""},"class_list":["post-1458","page","type-page","status-publish","hentry"],"_links":{"self":[{"href":"https:\/\/www.maison-albert-andre.com\/en\/wp-json\/wp\/v2\/pages\/1458","targetHints":{"allow":["GET"]}}],"collection":[{"href":"https:\/\/www.maison-albert-andre.com\/en\/wp-json\/wp\/v2\/pages"}],"about":[{"href":"https:\/\/www.maison-albert-andre.com\/en\/wp-json\/wp\/v2\/types\/page"}],"author":[{"embeddable":true,"href":"https:\/\/www.maison-albert-andre.com\/en\/wp-json\/wp\/v2\/users\/1"}],"replies":[{"embeddable":true,"href":"https:\/\/www.maison-albert-andre.com\/en\/wp-json\/wp\/v2\/comments?post=1458"}],"version-history":[{"count":0,"href":"https:\/\/www.maison-albert-andre.com\/en\/wp-json\/wp\/v2\/pages\/1458\/revisions"}],"wp:attachment":[{"href":"https:\/\/www.maison-albert-andre.com\/en\/wp-json\/wp\/v2\/media?parent=1458"}],"curies":[{"name":"wp","href":"https:\/\/api.w.org\/{rel}","templated":true}]}}