{"id":8,"date":"2025-08-07T12:51:08","date_gmt":"2025-08-07T12:51:08","guid":{"rendered":"https:\/\/maison-albert-andre.com\/?page_id=8"},"modified":"2025-08-27T09:04:08","modified_gmt":"2025-08-27T09:04:08","slug":"histoire","status":"publish","type":"page","link":"https:\/\/www.maison-albert-andre.com\/en\/histoire\/","title":{"rendered":"History"},"content":{"rendered":"<div data-elementor-type=\"wp-page\" data-elementor-id=\"8\" class=\"elementor elementor-8\" data-elementor-post-type=\"page\">\n\t\t\t\t<div class=\"elementor-element elementor-element-6ad682e e-flex e-con-boxed e-con e-parent\" data-id=\"6ad682e\" data-element_type=\"container\">\n\t\t\t\t\t<div class=\"e-con-inner\">\n\t\t\t\t<div class=\"elementor-element elementor-element-e5d7e6c elementor-widget elementor-widget-menu-anchor\" data-id=\"e5d7e6c\" data-element_type=\"widget\" data-widget_type=\"menu-anchor.default\">\n\t\t\t\t\t\t\t<div class=\"elementor-menu-anchor\" id=\"Albert\"><\/div>\n\t\t\t\t\t\t<\/div>\n\t\t\t\t<div class=\"elementor-element elementor-element-713b099 elementor-widget elementor-widget-spacer\" data-id=\"713b099\" data-element_type=\"widget\" data-widget_type=\"spacer.default\">\n\t\t\t\t\t\t\t<div class=\"elementor-spacer\">\n\t\t\t<div class=\"elementor-spacer-inner\"><\/div>\n\t\t<\/div>\n\t\t\t\t\t\t<\/div>\n\t\t\t\t\t<\/div>\n\t\t\t\t<\/div>\n\t\t<div class=\"elementor-element elementor-element-74f77ca e-flex e-con-boxed e-con e-parent\" data-id=\"74f77ca\" data-element_type=\"container\">\n\t\t\t\t\t<div class=\"e-con-inner\">\n\t\t\t\t<div class=\"elementor-element elementor-element-752d0d7 elementor-widget elementor-widget-heading\" data-id=\"752d0d7\" data-element_type=\"widget\" data-widget_type=\"heading.default\">\n\t\t\t\t\t<h2 class=\"elementor-heading-title elementor-size-default\">Step into Post-Impressionism<\/h2>\t\t\t\t<\/div>\n\t\t\t\t\t<\/div>\n\t\t\t\t<\/div>\n\t\t<div class=\"elementor-element elementor-element-557c000 e-flex e-con-boxed e-con e-parent\" data-id=\"557c000\" data-element_type=\"container\">\n\t\t\t\t\t<div class=\"e-con-inner\">\n\t\t\t\t<div class=\"elementor-element elementor-element-a38b8b2 elementor-widget elementor-widget-menu-anchor\" data-id=\"a38b8b2\" data-element_type=\"widget\" data-widget_type=\"menu-anchor.default\">\n\t\t\t\t\t\t\t<div class=\"elementor-menu-anchor\" id=\"Albert\"><\/div>\n\t\t\t\t\t\t<\/div>\n\t\t\t\t<div class=\"elementor-element elementor-element-5030dbf elementor-widget elementor-widget-spacer\" data-id=\"5030dbf\" data-element_type=\"widget\" data-widget_type=\"spacer.default\">\n\t\t\t\t\t\t\t<div class=\"elementor-spacer\">\n\t\t\t<div class=\"elementor-spacer-inner\"><\/div>\n\t\t<\/div>\n\t\t\t\t\t\t<\/div>\n\t\t\t\t\t<\/div>\n\t\t\t\t<\/div>\n\t\t<div class=\"elementor-element elementor-element-99f2eb1 e-flex e-con-boxed e-con e-parent\" data-id=\"99f2eb1\" data-element_type=\"container\" data-settings=\"{&quot;background_background&quot;:&quot;classic&quot;}\">\n\t\t\t\t\t<div class=\"e-con-inner\">\n\t\t<div class=\"elementor-element elementor-element-85d4fdf e-con-full e-flex e-con e-child\" data-id=\"85d4fdf\" data-element_type=\"container\">\n\t\t\t\t<div class=\"elementor-element elementor-element-90b6b02 elementor-widget__width-initial elementor-widget elementor-widget-image\" data-id=\"90b6b02\" data-element_type=\"widget\" data-widget_type=\"image.default\">\n\t\t\t\t\t\t\t\t\t\t\t\t\t\t\t<img fetchpriority=\"high\" decoding=\"async\" width=\"800\" height=\"988\" src=\"https:\/\/www.maison-albert-andre.com\/wp-content\/uploads\/2025\/08\/Albert_Andre_Museum086_Andre_Albert_Autoportrait_au_chevalet_1932-829x1024.webp\" class=\"attachment-large size-large wp-image-295\" alt=\"\" srcset=\"https:\/\/www.maison-albert-andre.com\/wp-content\/uploads\/2025\/08\/Albert_Andre_Museum086_Andre_Albert_Autoportrait_au_chevalet_1932-829x1024.webp 829w, https:\/\/www.maison-albert-andre.com\/wp-content\/uploads\/2025\/08\/Albert_Andre_Museum086_Andre_Albert_Autoportrait_au_chevalet_1932-243x300.webp 243w, https:\/\/www.maison-albert-andre.com\/wp-content\/uploads\/2025\/08\/Albert_Andre_Museum086_Andre_Albert_Autoportrait_au_chevalet_1932-768x949.webp 768w, https:\/\/www.maison-albert-andre.com\/wp-content\/uploads\/2025\/08\/Albert_Andre_Museum086_Andre_Albert_Autoportrait_au_chevalet_1932-1243x1536.webp 1243w, https:\/\/www.maison-albert-andre.com\/wp-content\/uploads\/2025\/08\/Albert_Andre_Museum086_Andre_Albert_Autoportrait_au_chevalet_1932-1657x2048.webp 1553w, https:\/\/www.maison-albert-andre.com\/wp-content\/uploads\/2025\/08\/Albert_Andre_Museum086_Andre_Albert_Autoportrait_au_chevalet_1932-10x12.webp 10w, https:\/\/www.maison-albert-andre.com\/wp-content\/uploads\/2025\/08\/Albert_Andre_Museum086_Andre_Albert_Autoportrait_au_chevalet_1932-scaled.webp 1554w\" sizes=\"(max-width: 800px) 100vw, 800px\" \/>\t\t\t\t\t\t\t\t\t\t\t\t\t\t\t<\/div>\n\t\t\t\t<\/div>\n\t\t<div class=\"elementor-element elementor-element-5a41ecc e-con-full e-flex e-con e-child\" data-id=\"5a41ecc\" data-element_type=\"container\">\n\t\t<div class=\"elementor-element elementor-element-ccb63b7 e-con-full e-flex e-con e-child\" data-id=\"ccb63b7\" data-element_type=\"container\">\n\t\t\t\t<div class=\"elementor-element elementor-element-39b1ac7 elementor-widget elementor-widget-text-editor\" data-id=\"39b1ac7\" data-element_type=\"widget\" data-widget_type=\"text-editor.default\">\n\t\t\t\t\t\t\t\t\t<h2><span style=\"color: #370952;\"><strong><span class=\"OYPEnA font-feature-liga-off font-feature-clig-off font-feature-calt-off text-decoration-none text-strikethrough-none\">Albert Andr\u00e9 (1869\u20131954)<\/span><\/strong><\/span><\/h2>\t\t\t\t\t\t\t\t<\/div>\n\t\t\t\t<\/div>\n\t\t<div class=\"elementor-element elementor-element-98e8b72 e-con-full e-flex e-con e-child\" data-id=\"98e8b72\" data-element_type=\"container\">\n\t\t\t\t<div class=\"elementor-element elementor-element-c5db6e3 elementor-widget elementor-widget-text-editor\" data-id=\"c5db6e3\" data-element_type=\"widget\" data-widget_type=\"text-editor.default\">\n\t\t\t\t\t\t\t\t\t<p data-start=\"136\" data-end=\"485\">Born in Lyon into a family of textile merchants, Albert Andr\u00e9 studied at the School of Fine Arts in his hometown before joining Fernand Cormon\u2019s Parisian studio in 1890. There he met Louis Valtat, Georges d\u2019Espagnat, and above all Renoir, who would become a close friend and introduce him to the art dealer Durand-Ruel.<\/p><p data-start=\"487\" data-end=\"822\">From 1895 onward, he exhibited at the Salon des Ind\u00e9pendants and the Salon d\u2019Automne, while also taking part in international exhibitions. His style, rooted in Post-Impressionism, is characterized by a supple brushstroke, gentle harmonies, and a diffused light, applied to landscapes of the South, interior scenes, portraits, and still lifes.<\/p><p data-start=\"824\" data-end=\"1071\">In 1917, Andr\u00e9 was appointed curator of the Bagnols-sur-C\u00e8ze Museum, a position he held until his death. There, he expanded the collection with works by Bonnard, Vuillard, Matisse, and Marquet, making the museum a leading center of modern art in the provinces.<\/p><p data-start=\"1073\" data-end=\"1337\" data-is-last-node=\"\" data-is-only-node=\"\">Settled in the Gard, he remained faithful to Provence and the Rh\u00f4ne Valley as sources of inspiration. He died in 1954, leaving behind a prolific body of work imbued with gentleness and humanity.<\/p>\t\t\t\t\t\t\t\t<\/div>\n\t\t\t\t<\/div>\n\t\t\t\t<\/div>\n\t\t\t\t\t<\/div>\n\t\t\t\t<\/div>\n\t\t<div class=\"elementor-element elementor-element-1d7381b e-flex e-con-boxed e-con e-parent\" data-id=\"1d7381b\" data-element_type=\"container\">\n\t\t\t\t\t<div class=\"e-con-inner\">\n\t\t\t\t<div class=\"elementor-element elementor-element-4b576e0 elementor-widget elementor-widget-menu-anchor\" data-id=\"4b576e0\" data-element_type=\"widget\" data-widget_type=\"menu-anchor.default\">\n\t\t\t\t\t\t\t<div class=\"elementor-menu-anchor\" id=\"Maison\"><\/div>\n\t\t\t\t\t\t<\/div>\n\t\t\t\t<div class=\"elementor-element elementor-element-14e826d elementor-widget elementor-widget-spacer\" data-id=\"14e826d\" data-element_type=\"widget\" data-widget_type=\"spacer.default\">\n\t\t\t\t\t\t\t<div class=\"elementor-spacer\">\n\t\t\t<div class=\"elementor-spacer-inner\"><\/div>\n\t\t<\/div>\n\t\t\t\t\t\t<\/div>\n\t\t\t\t\t<\/div>\n\t\t\t\t<\/div>\n\t\t<div class=\"elementor-element elementor-element-605aab4 e-flex e-con-boxed e-con e-parent\" data-id=\"605aab4\" data-element_type=\"container\" data-settings=\"{&quot;background_background&quot;:&quot;classic&quot;,&quot;motion_fx_motion_fx_scrolling&quot;:&quot;yes&quot;,&quot;motion_fx_translateY_effect&quot;:&quot;yes&quot;,&quot;motion_fx_translateY_speed&quot;:{&quot;unit&quot;:&quot;px&quot;,&quot;size&quot;:3,&quot;sizes&quot;:[]},&quot;motion_fx_translateY_affectedRange&quot;:{&quot;unit&quot;:&quot;%&quot;,&quot;size&quot;:&quot;&quot;,&quot;sizes&quot;:{&quot;start&quot;:0,&quot;end&quot;:100}},&quot;motion_fx_devices&quot;:[&quot;desktop&quot;,&quot;tablet&quot;,&quot;mobile&quot;]}\">\n\t\t\t\t\t<div class=\"e-con-inner\">\n\t\t<div class=\"elementor-element elementor-element-6a54297 e-con-full e-flex e-con e-child\" data-id=\"6a54297\" data-element_type=\"container\">\n\t\t\t\t<div class=\"elementor-element elementor-element-26efa85 elementor-widget elementor-widget-image\" data-id=\"26efa85\" data-element_type=\"widget\" data-widget_type=\"image.default\">\n\t\t\t\t\t\t\t\t\t\t\t\t\t\t\t<img decoding=\"async\" width=\"800\" height=\"600\" src=\"https:\/\/www.maison-albert-andre.com\/wp-content\/uploads\/2025\/08\/Laudun_20240525_Maison_Albert_Andre_115737-1024x768.jpg\" class=\"attachment-large size-large wp-image-331\" alt=\"\" srcset=\"https:\/\/www.maison-albert-andre.com\/wp-content\/uploads\/2025\/08\/Laudun_20240525_Maison_Albert_Andre_115737-1024x768.jpg 1024w, https:\/\/www.maison-albert-andre.com\/wp-content\/uploads\/2025\/08\/Laudun_20240525_Maison_Albert_Andre_115737-300x225.jpg 300w, https:\/\/www.maison-albert-andre.com\/wp-content\/uploads\/2025\/08\/Laudun_20240525_Maison_Albert_Andre_115737-768x576.jpg 768w, https:\/\/www.maison-albert-andre.com\/wp-content\/uploads\/2025\/08\/Laudun_20240525_Maison_Albert_Andre_115737-1536x1152.jpg 1536w, https:\/\/www.maison-albert-andre.com\/wp-content\/uploads\/2025\/08\/Laudun_20240525_Maison_Albert_Andre_115737-2048x1536.jpg 2048w, https:\/\/www.maison-albert-andre.com\/wp-content\/uploads\/2025\/08\/Laudun_20240525_Maison_Albert_Andre_115737-16x12.jpg 16w\" sizes=\"(max-width: 800px) 100vw, 800px\" \/>\t\t\t\t\t\t\t\t\t\t\t\t\t\t\t<\/div>\n\t\t\t\t<\/div>\n\t\t<div class=\"elementor-element elementor-element-6e5e477 e-con-full e-flex e-con e-child\" data-id=\"6e5e477\" data-element_type=\"container\">\n\t\t<div class=\"elementor-element elementor-element-28b7de2 e-con-full e-flex e-con e-child\" data-id=\"28b7de2\" data-element_type=\"container\">\n\t\t\t\t<div class=\"elementor-element elementor-element-736c31b elementor-widget elementor-widget-text-editor\" data-id=\"736c31b\" data-element_type=\"widget\" data-widget_type=\"text-editor.default\">\n\t\t\t\t\t\t\t\t\t<h2><span style=\"color: #370952;\"><strong>History of the House<\/strong><\/span><\/h2>\t\t\t\t\t\t\t\t<\/div>\n\t\t\t\t<\/div>\n\t\t<div class=\"elementor-element elementor-element-6ebfb31 e-con-full e-flex e-con e-child\" data-id=\"6ebfb31\" data-element_type=\"container\">\n\t\t\t\t<div class=\"elementor-element elementor-element-ad3ea96 elementor-widget elementor-widget-text-editor\" data-id=\"ad3ea96\" data-element_type=\"widget\" data-widget_type=\"text-editor.default\">\n\t\t\t\t\t\t\t\t\t<p data-start=\"467\" data-end=\"772\"><span style=\"color: #808080;\">The house in Laudun-l\u2019Ardoise is the Proven\u00e7al residence where Albert Andr\u00e9 and his wife settled after maintaining a home and a studio in Paris.\u00a0<\/span><\/p><p data-start=\"774\" data-end=\"1170\"><span style=\"color: #808080;\">Apr\u00e8s sa mort, sa fille adoptive Jacqueline Besson (li\u00e9e au critique d\u2019art Georges Besson) joua un r\u00f4le important dans la transmission de son h\u00e9ritage artistique : des \u0153uvres et des donations ont notamment enrichi des mus\u00e9es r\u00e9gionaux, contribuant \u00e0 faire du mus\u00e9e de Bagnols-sur-C\u00e8ze (Mus\u00e9e Albert-Andr\u00e9) un centre notable du patrimoine moderne en province.<\/span><\/p><p data-start=\"1172\" data-end=\"1559\"><span style=\"color: #808080;\">The house itself, with its \u201curban-like appearance\u201d and recognizable presence in the landscape of Laudun, has been the subject of public openings and recent commemorative events (\u201cIn the Time of Albert Andr\u00e9\u201d festivities, a visual landmark trail through the town retracing his viewpoints), demonstrating that it has become a part of the local and touristic heritage.<\/span><\/p>\t\t\t\t\t\t\t\t<\/div>\n\t\t\t\t<\/div>\n\t\t\t\t<\/div>\n\t\t\t\t\t<\/div>\n\t\t\t\t<\/div>\n\t\t<div class=\"elementor-element elementor-element-d156ba9 e-flex e-con-boxed e-con e-parent\" data-id=\"d156ba9\" data-element_type=\"container\">\n\t\t\t\t\t<div class=\"e-con-inner\">\n\t\t\t\t<div class=\"elementor-element elementor-element-5975060 elementor-widget elementor-widget-menu-anchor\" data-id=\"5975060\" data-element_type=\"widget\" data-widget_type=\"menu-anchor.default\">\n\t\t\t\t\t\t\t<div class=\"elementor-menu-anchor\" id=\"Post\"><\/div>\n\t\t\t\t\t\t<\/div>\n\t\t\t\t<div class=\"elementor-element elementor-element-ed824ec elementor-widget elementor-widget-spacer\" data-id=\"ed824ec\" data-element_type=\"widget\" data-widget_type=\"spacer.default\">\n\t\t\t\t\t\t\t<div class=\"elementor-spacer\">\n\t\t\t<div class=\"elementor-spacer-inner\"><\/div>\n\t\t<\/div>\n\t\t\t\t\t\t<\/div>\n\t\t\t\t\t<\/div>\n\t\t\t\t<\/div>\n\t\t<div class=\"elementor-element elementor-element-b88b7ff e-flex e-con-boxed e-con e-parent\" data-id=\"b88b7ff\" data-element_type=\"container\" data-settings=\"{&quot;background_background&quot;:&quot;classic&quot;,&quot;motion_fx_motion_fx_scrolling&quot;:&quot;yes&quot;,&quot;motion_fx_translateY_effect&quot;:&quot;yes&quot;,&quot;motion_fx_translateY_speed&quot;:{&quot;unit&quot;:&quot;px&quot;,&quot;size&quot;:1.3,&quot;sizes&quot;:[]},&quot;motion_fx_translateY_affectedRange&quot;:{&quot;unit&quot;:&quot;%&quot;,&quot;size&quot;:&quot;&quot;,&quot;sizes&quot;:{&quot;start&quot;:28,&quot;end&quot;:100}},&quot;motion_fx_devices&quot;:[&quot;desktop&quot;,&quot;tablet&quot;,&quot;mobile&quot;]}\">\n\t\t\t\t\t<div class=\"e-con-inner\">\n\t\t<div class=\"elementor-element elementor-element-93fd67a e-con-full e-flex e-con e-child\" data-id=\"93fd67a\" data-element_type=\"container\">\n\t\t\t\t<div class=\"elementor-element elementor-element-d62bd9b elementor-widget elementor-widget-image\" data-id=\"d62bd9b\" data-element_type=\"widget\" data-widget_type=\"image.default\">\n\t\t\t\t\t\t\t\t\t\t\t\t\t\t\t<img decoding=\"async\" width=\"800\" height=\"618\" src=\"https:\/\/www.maison-albert-andre.com\/wp-content\/uploads\/2025\/08\/Andre-3.webp\" class=\"attachment-large size-large wp-image-272\" alt=\"\" srcset=\"https:\/\/www.maison-albert-andre.com\/wp-content\/uploads\/2025\/08\/Andre-3.webp 1000w, https:\/\/www.maison-albert-andre.com\/wp-content\/uploads\/2025\/08\/Andre-3-300x232.webp 300w, https:\/\/www.maison-albert-andre.com\/wp-content\/uploads\/2025\/08\/Andre-3-768x593.webp 768w, https:\/\/www.maison-albert-andre.com\/wp-content\/uploads\/2025\/08\/Andre-3-16x12.webp 16w\" sizes=\"(max-width: 800px) 100vw, 800px\" \/>\t\t\t\t\t\t\t\t\t\t\t\t\t\t\t<\/div>\n\t\t\t\t<\/div>\n\t\t<div class=\"elementor-element elementor-element-1c92294 e-con-full e-flex e-con e-child\" data-id=\"1c92294\" data-element_type=\"container\">\n\t\t<div class=\"elementor-element elementor-element-b2b1a77 e-con-full e-flex e-con e-child\" data-id=\"b2b1a77\" data-element_type=\"container\">\n\t\t\t\t<div class=\"elementor-element elementor-element-2f4403a elementor-widget elementor-widget-text-editor\" data-id=\"2f4403a\" data-element_type=\"widget\" data-widget_type=\"text-editor.default\">\n\t\t\t\t\t\t\t\t\t<h2><span style=\"color: #370952;\"><strong><span class=\"OYPEnA font-feature-liga-off font-feature-clig-off font-feature-calt-off text-decoration-none text-strikethrough-none\">Post-Impressionism<\/span><\/strong><\/span><\/h2>\t\t\t\t\t\t\t\t<\/div>\n\t\t\t\t<\/div>\n\t\t<div class=\"elementor-element elementor-element-27e6ffb e-con-full e-flex e-con e-child\" data-id=\"27e6ffb\" data-element_type=\"container\">\n\t\t\t\t<div class=\"elementor-element elementor-element-565d25c elementor-widget elementor-widget-text-editor\" data-id=\"565d25c\" data-element_type=\"widget\" data-widget_type=\"text-editor.default\">\n\t\t\t\t\t\t\t\t\t<p class=\"cvGsUA direction-ltr align-start para-style-body\"><span class=\"OYPEnA font-feature-liga-off font-feature-clig-off font-feature-calt-off text-decoration-none text-strikethrough-none\" style=\"color: #808080;\">Post-Impressionism refers to an artistic movement that emerged at the end of the 19th century, both as a continuation of and a reaction to Impressionism. While the Impressionists sought to capture the fleeting variations of light and immediate sensations, the Post-Impressionist artists went further: they retained the freedom of brushwork and the richness of color, but added a more personal exploration, a more subjective expression, and often a symbolic or emotional dimension.<\/span><\/p><p class=\"cvGsUA direction-ltr align-start para-style-body\"><span class=\"OYPEnA font-feature-liga-off font-feature-clig-off font-feature-calt-off text-decoration-none text-strikethrough-none\" style=\"color: #808080;\">Among the major figures of Post-Impressionism are Vincent Van Gogh, Paul C\u00e9zanne, Paul Gauguin, and Georges Seurat. Each developed a unique style: Seurat explored Pointillism, C\u00e9zanne laid the foundations of Cubism through his way of constructing form, while Van Gogh and Gauguin paved the way for Expressionism through the strength of their palette and inner vision.<\/span><\/p><p class=\"cvGsUA direction-ltr align-start para-style-body\"><span class=\"OYPEnA font-feature-liga-off font-feature-clig-off font-feature-calt-off text-decoration-none text-strikethrough-none\" style=\"color: #808080;\">Post-Impressionism thus represents a decisive step toward modern art: it freed painting from the mere imitation of nature to affirm the artist\u2019s creative power and the subjectivity of vision.<\/span><\/p>\t\t\t\t\t\t\t\t<\/div>\n\t\t\t\t<\/div>\n\t\t\t\t<\/div>\n\t\t\t\t\t<\/div>\n\t\t\t\t<\/div>\n\t\t\t\t<\/div>","protected":false},"excerpt":{"rendered":"<p>Posez un pied dans le post-impressionnisme Albert Andr\u00e9 (1869\u20131954) N\u00e9 \u00e0 Lyon dans une famille de commer\u00e7ants en textile, Albert Andr\u00e9 se forme \u00e0 l\u2019\u00c9cole des beaux-arts de sa ville avant de rejoindre, en 1890, l\u2019atelier parisien de Fernand Cormon. Il y rencontre Louis Valtat, Georges d\u2019Espagnat et surtout Renoir, qui deviendra un ami proche [&hellip;]<\/p>","protected":false},"author":1,"featured_media":0,"parent":0,"menu_order":0,"comment_status":"closed","ping_status":"closed","template":"elementor_header_footer","meta":{"footnotes":""},"class_list":["post-8","page","type-page","status-publish","hentry"],"_links":{"self":[{"href":"https:\/\/www.maison-albert-andre.com\/en\/wp-json\/wp\/v2\/pages\/8","targetHints":{"allow":["GET"]}}],"collection":[{"href":"https:\/\/www.maison-albert-andre.com\/en\/wp-json\/wp\/v2\/pages"}],"about":[{"href":"https:\/\/www.maison-albert-andre.com\/en\/wp-json\/wp\/v2\/types\/page"}],"author":[{"embeddable":true,"href":"https:\/\/www.maison-albert-andre.com\/en\/wp-json\/wp\/v2\/users\/1"}],"replies":[{"embeddable":true,"href":"https:\/\/www.maison-albert-andre.com\/en\/wp-json\/wp\/v2\/comments?post=8"}],"version-history":[{"count":0,"href":"https:\/\/www.maison-albert-andre.com\/en\/wp-json\/wp\/v2\/pages\/8\/revisions"}],"wp:attachment":[{"href":"https:\/\/www.maison-albert-andre.com\/en\/wp-json\/wp\/v2\/media?parent=8"}],"curies":[{"name":"wp","href":"https:\/\/api.w.org\/{rel}","templated":true}]}}